{"id":386,"date":"2021-02-01T15:28:43","date_gmt":"2021-02-01T15:28:43","guid":{"rendered":"https:\/\/csf-nageldesign.de\/?page_id=386"},"modified":"2021-02-06T15:04:11","modified_gmt":"2021-02-06T15:04:11","slug":"preis-leistung","status":"publish","type":"page","link":"https:\/\/csf-nageldesign.de\/?page_id=386","title":{"rendered":"Preis-Leistung"},"content":{"rendered":"<h3>Manik\u00fcre &#8211;\u00a0<strong>F\u00dcR SIE &amp; IHN<\/strong><\/h3>\n<table border=\"1\" width=\"100%\" cellspacing=\"0\" cellpadding=\"5\">\n<tbody>\n<tr>\n<th style=\"text-align: left;\">Classic Manik\u00fcre<\/th>\n<th style=\"text-align: left;\">Handbad, N\u00e4gel k\u00fcrzen, in Form feilen, Nagelhaut entfernen, Pflege<\/th>\n<th style=\"text-align: center;\">15.-\u20ac<\/th>\n<\/tr>\n<tr>\n<td width=\"20%\">Spa Manik\u00fcre<\/td>\n<td width=\"67%\">Classic Manik\u00fcre, Peeling, Intensivpflege<\/td>\n<td style=\"text-align: center;\" width=\"13%\">18.-\u20ac<\/td>\n<\/tr>\n<tr>\n<td>Quick Manik\u00fcre<\/td>\n<td>N\u00e4gel k\u00fcrzen, in Form feilen, Nagelhaut entfernen, Handcreme<\/td>\n<td style=\"text-align: center;\">10.-\u20ac<\/td>\n<\/tr>\n<tr>\n<td>+ lackieren =<\/td>\n<td>Unterlack \u2013 Farblack \u2013 \u00dcberlack<\/td>\n<td style=\"text-align: center;\">5.-\u20ac<\/td>\n<\/tr>\n<tr>\n<td>+ Permanent Lack =<\/td>\n<td>Shellac oder UV Lack<\/td>\n<td style=\"text-align: center;\">8.-\u20ac<\/td>\n<\/tr>\n<tr>\n<td style=\"text-align: left;\">Umstellungsmanik\u00fcre<\/td>\n<td style=\"text-align: left;\">Entfernen von Kunstn\u00e4geln, N\u00e4gel in Form feilen, Pflege<\/td>\n<td style=\"text-align: center;\">20.-\u20ac<\/td>\n<\/tr>\n<\/tbody>\n<\/table>\n<h3><\/h3>\n<h3>Pedik\u00fcre &#8211;\u00a0<strong>F\u00dcR SIE &amp; IHN<\/strong><\/h3>\n<table border=\"1\" width=\"100%\" cellspacing=\"0\" cellpadding=\"5\">\n<tbody>\n<tr>\n<th style=\"text-align: left;\">Classic Pedik\u00fcre<\/th>\n<th style=\"text-align: left;\">Fu\u00dfbad, N\u00e4gel k\u00fcrzen und formen, Nagelhaut entfernen, Nagelfalz reinigen, Pflege<\/th>\n<th style=\"text-align: center;\">18.-\u20ac<\/th>\n<\/tr>\n<tr>\n<td width=\"20%\">Spa Pedik\u00fcre<\/td>\n<td width=\"67%\">Classic Pedik\u00fcre, Peeling, Intensivpflege<\/td>\n<td style=\"text-align: center;\" width=\"13%\">21.-\u20ac<\/td>\n<\/tr>\n<tr>\n<td>+ lackieren =<\/td>\n<td>Unterlack \u2013 Farblack \u2013 \u00dcberlack<\/td>\n<td style=\"text-align: center;\">5.-\u20ac<\/td>\n<\/tr>\n<tr>\n<td>+ Permanent Lack =<\/td>\n<td>Shellac oder UV Lack<\/td>\n<td style=\"text-align: center;\">8.-\u20ac<\/td>\n<\/tr>\n<\/tbody>\n<\/table>\n<p>Manik\u00fcre ist in der heutigen Zeit auch ein Thema f\u00fcr Mann und Frau. Die H\u00e4nde sind ein Teil des \u00e4u\u00dferen Erscheinungsbildes und werden t\u00e4glich gezeigt und gereicht.<\/p>\n<p>Was gibt es den sch\u00f6neres als im Sommer mit offenen Schuhen oder auch beim Badeausflug gepflegte F\u00fc\u00dfe vorzeigen zu k\u00f6nnen?<\/p>\n","protected":false},"excerpt":{"rendered":"<p>Manik\u00fcre &#8211;\u00a0F\u00dcR SIE &amp; IHN Classic Manik\u00fcre Handbad, N\u00e4gel k\u00fcrzen, in Form feilen, Nagelhaut entfernen, Pflege 15.-\u20ac Spa Manik\u00fcre Classic Manik\u00fcre, Peeling, Intensivpflege 18.-\u20ac Quick Manik\u00fcre N\u00e4gel k\u00fcrzen, in Form feilen, Nagelhaut entfernen, Handcreme 10.-\u20ac + lackieren = Unterlack \u2013 Farblack \u2013 \u00dcberlack 5.-\u20ac + Permanent Lack = Shellac oder UV Lack 8.-\u20ac Umstellungsmanik\u00fcre Entfernen [&hellip;]<\/p>\n","protected":false},"author":3,"featured_media":0,"parent":0,"menu_order":0,"comment_status":"closed","ping_status":"closed","template":"","meta":[],"_links":{"self":[{"href":"https:\/\/csf-nageldesign.de\/index.php?rest_route=\/wp\/v2\/pages\/386"}],"collection":[{"href":"https:\/\/csf-nageldesign.de\/index.php?rest_route=\/wp\/v2\/pages"}],"about":[{"href":"https:\/\/csf-nageldesign.de\/index.php?rest_route=\/wp\/v2\/types\/page"}],"author":[{"embeddable":true,"href":"https:\/\/csf-nageldesign.de\/index.php?rest_route=\/wp\/v2\/users\/3"}],"replies":[{"embeddable":true,"href":"https:\/\/csf-nageldesign.de\/index.php?rest_route=%2Fwp%2Fv2%2Fcomments&post=386"}],"version-history":[{"count":29,"href":"https:\/\/csf-nageldesign.de\/index.php?rest_route=\/wp\/v2\/pages\/386\/revisions"}],"predecessor-version":[{"id":491,"href":"https:\/\/csf-nageldesign.de\/index.php?rest_route=\/wp\/v2\/pages\/386\/revisions\/491"}],"wp:attachment":[{"href":"https:\/\/csf-nageldesign.de\/index.php?rest_route=%2Fwp%2Fv2%2Fmedia&parent=386"}],"curies":[{"name":"wp","href":"https:\/\/api.w.org\/{rel}","templated":true}]}}